{"id":15231,"date":"2015-02-19T21:17:31","date_gmt":"2015-02-19T21:17:31","guid":{"rendered":"http:\/\/uniconxml.mintithemes.com\/?page_id=15231"},"modified":"2020-08-04T17:19:32","modified_gmt":"2020-08-04T20:19:32","slug":"home-landing-page","status":"publish","type":"page","link":"https:\/\/hbortodontia.com.br\/","title":{"rendered":"Inicio"},"content":{"rendered":"<p>[vc_row type=&#8221;full_width_section&#8221; row_id=&#8221;inicio&#8221; bg_position=&#8221;left top&#8221;][vc_column][vc_column_text]\n\t\t\t<!-- START Slider Only REVOLUTION SLIDER 6.1.8 --><p class=\"rs-p-wp-fix\"><\/p>\n\t\t\t<rs-module-wrap id=\"rev_slider_6_1_wrapper\" data-source=\"gallery\" style=\"background:#fafafa;padding:0;float:left;margin-left:0;margin-right:0;margin-top:0;margin-bottom:0;max-width:\">\n\t\t\t\t<rs-module id=\"rev_slider_6_1\" style=\"display:none;\" data-version=\"6.1.8\">\n\t\t\t\t\t<rs-slides>\n\t\t\t\t\t\t<rs-slide data-key=\"rs-30\" data-title=\"Globe\" data-anim=\"ei:d;eo:d;s:600;r:0;t:fade;sl:7;\" data-mediafilter=\"perpetua\">\n\t\t\t\t\t\t\t<img src=\"\/\/hbortodontia.com.br\/wp-content\/uploads\/2020\/07\/hb_ortodontia_banner1.png\" title=\"hb_ortodontia_banner1\" width=\"1240\" height=\"500\" data-parallax=\"off\" class=\"rev-slidebg\" data-no-retina>\n<!--\n\t\t\t\t\t\t\t--><rs-layer\n\t\t\t\t\t\t\t\tid=\"slider-6-slide-30-layer-3\" \n\t\t\t\t\t\t\t\tdata-type=\"text\"\n\t\t\t\t\t\t\t\tdata-color=\"#1673ad\"\n\t\t\t\t\t\t\t\tdata-rsp_ch=\"on\"\n\t\t\t\t\t\t\t\tdata-xy=\"xo:426px,138px,103px,55px;yo:204px,149px,191px,57px;\"\n\t\t\t\t\t\t\t\tdata-text=\"w:normal;s:27,39,30,21;l:45,66,50,39;ls:1px,0px,0px,0px;fw:700;a:center;\"\n\t\t\t\t\t\t\t\tdata-frame_0=\"x:0,0px,0px,0px;y:0,0px,0px,0px;\"\n\t\t\t\t\t\t\t\tdata-frame_1=\"x:0,0px,0px,0px;y:0,0px,0px,0px;\"\n\t\t\t\t\t\t\t\tdata-frame_999=\"o:0;st:w;\"\n\t\t\t\t\t\t\t\tstyle=\"z-index:11;font-family:Raleway;\"\n\t\t\t\t\t\t\t>VENHA RENOVAR <br\/> O SEU SORRISO<br \/>\n \n\t\t\t\t\t\t\t<\/rs-layer><!--\n\n\t\t\t\t\t\t\t--><rs-layer\n\t\t\t\t\t\t\t\tid=\"slider-6-slide-30-layer-5\" \n\t\t\t\t\t\t\t\tdata-type=\"text\"\n\t\t\t\t\t\t\t\tdata-color=\"rgba(52, 126, 173, 0.28)\"\n\t\t\t\t\t\t\t\tdata-rsp_ch=\"on\"\n\t\t\t\t\t\t\t\tdata-xy=\"xo:394px,225px,159px,67px;yo:286px,290px,298px,135px;\"\n\t\t\t\t\t\t\t\tdata-text=\"w:normal;s:80,75,62,56;l:40,37,29,25;\"\n\t\t\t\t\t\t\t\tdata-dim=\"w:221px,207px,172px,159px;h:114px,107px,87px,81px;\"\n\t\t\t\t\t\t\t\tdata-frame_0=\"x:0,0px,0px,0px;y:0,0px,0px,0px;\"\n\t\t\t\t\t\t\t\tdata-frame_1=\"x:0,0px,0px,0px;y:0,0px,0px,0px;\"\n\t\t\t\t\t\t\t\tdata-frame_999=\"o:0;st:w;\"\n\t\t\t\t\t\t\t\tstyle=\"z-index:8;font-family:Damion;\"\n\t\t\t\t\t\t\t>#Sorria \n\t\t\t\t\t\t\t<\/rs-layer><!--\n\n\t\t\t\t\t\t\t--><rs-layer\n\t\t\t\t\t\t\t\tid=\"slider-6-slide-30-layer-6\" \n\t\t\t\t\t\t\t\tdata-type=\"shape\"\n\t\t\t\t\t\t\t\tdata-rsp_ch=\"on\"\n\t\t\t\t\t\t\t\tdata-xy=\"xo:410px,135px,97px,50px;yo:207px,161px,201px,63px;\"\n\t\t\t\t\t\t\t\tdata-text=\"w:normal;s:20,11,8,4;l:0,14,10,6;\"\n\t\t\t\t\t\t\t\tdata-dim=\"w:275px,337px,270px,189px;h:37px,40px,29px,26px;\"\n\t\t\t\t\t\t\t\tdata-frame_0=\"x:0,0,0px,0px;y:0,0,0px,0px;\"\n\t\t\t\t\t\t\t\tdata-frame_1=\"x:0,0,0px,0px;y:0,0,0px,0px;\"\n\t\t\t\t\t\t\t\tdata-frame_999=\"o:0;st:w;\"\n\t\t\t\t\t\t\t\tstyle=\"z-index:10;background-color:rgba(52,126,173,0.56);\"\n\t\t\t\t\t\t\t> \n\t\t\t\t\t\t\t<\/rs-layer><!--\n\n\t\t\t\t\t\t\t--><rs-layer\n\t\t\t\t\t\t\t\tid=\"slider-6-slide-30-layer-7\" \n\t\t\t\t\t\t\t\tdata-type=\"shape\"\n\t\t\t\t\t\t\t\tdata-rsp_ch=\"on\"\n\t\t\t\t\t\t\t\tdata-xy=\"xo:429px,148px,102px,60px;yo:252px,228px,250px,101px;\"\n\t\t\t\t\t\t\t\tdata-text=\"w:normal;s:20,11,8,4;l:0,14,10,6;\"\n\t\t\t\t\t\t\t\tdata-dim=\"w:233px,311px,255px,169px;h:37px,40px,29px,26px;\"\n\t\t\t\t\t\t\t\tdata-frame_0=\"x:0,0,0,0px;y:0,0,0,0px;\"\n\t\t\t\t\t\t\t\tdata-frame_1=\"x:0,0,0,0px;y:0,0,0,0px;\"\n\t\t\t\t\t\t\t\tdata-frame_999=\"o:0;st:w;\"\n\t\t\t\t\t\t\t\tstyle=\"z-index:9;background-color:rgba(52,126,173,0.56);\"\n\t\t\t\t\t\t\t> \n\t\t\t\t\t\t\t<\/rs-layer><!--\n-->\t\t\t\t\t\t<\/rs-slide>\n\t\t\t\t\t\t<rs-slide data-key=\"rs-301\" data-title=\"Globe\" data-anim=\"ei:d;eo:d;s:600;r:0;t:fade;sl:7;\" data-mediafilter=\"perpetua\">\n\t\t\t\t\t\t\t<img src=\"\/\/hbortodontia.com.br\/wp-content\/uploads\/2020\/07\/hb_ortodontia_banner1.png\" title=\"hb_ortodontia_banner1\" width=\"1240\" height=\"500\" data-parallax=\"off\" class=\"rev-slidebg\" data-no-retina>\n<!--\n\t\t\t\t\t\t\t--><rs-layer\n\t\t\t\t\t\t\t\tid=\"slider-6-slide-301-layer-3\" \n\t\t\t\t\t\t\t\tdata-type=\"text\"\n\t\t\t\t\t\t\t\tdata-color=\"#1673ad\"\n\t\t\t\t\t\t\t\tdata-rsp_ch=\"on\"\n\t\t\t\t\t\t\t\tdata-xy=\"xo:426px,138px,103px,55px;yo:204px,149px,191px,57px;\"\n\t\t\t\t\t\t\t\tdata-text=\"w:normal;s:27,39,30,21;l:45,66,50,39;ls:1px,0px,0px,0px;fw:700;a:center;\"\n\t\t\t\t\t\t\t\tdata-frame_0=\"x:0,0px,0px,0px;y:0,0px,0px,0px;\"\n\t\t\t\t\t\t\t\tdata-frame_1=\"x:0,0px,0px,0px;y:0,0px,0px,0px;\"\n\t\t\t\t\t\t\t\tdata-frame_999=\"o:0;st:w;\"\n\t\t\t\t\t\t\t\tstyle=\"z-index:11;font-family:Raleway;\"\n\t\t\t\t\t\t\t>VENHA RENOVAR <br\/> O SEU SORRISO<br \/>\n \n\t\t\t\t\t\t\t<\/rs-layer><!--\n\n\t\t\t\t\t\t\t--><rs-layer\n\t\t\t\t\t\t\t\tid=\"slider-6-slide-301-layer-5\" \n\t\t\t\t\t\t\t\tdata-type=\"text\"\n\t\t\t\t\t\t\t\tdata-color=\"rgba(52, 126, 173, 0.28)\"\n\t\t\t\t\t\t\t\tdata-rsp_ch=\"on\"\n\t\t\t\t\t\t\t\tdata-xy=\"xo:394px,225px,159px,67px;yo:286px,290px,298px,135px;\"\n\t\t\t\t\t\t\t\tdata-text=\"w:normal;s:80,75,62,56;l:40,37,29,25;\"\n\t\t\t\t\t\t\t\tdata-dim=\"w:221px,207px,172px,159px;h:114px,107px,87px,81px;\"\n\t\t\t\t\t\t\t\tdata-frame_0=\"x:0,0px,0px,0px;y:0,0px,0px,0px;\"\n\t\t\t\t\t\t\t\tdata-frame_1=\"x:0,0px,0px,0px;y:0,0px,0px,0px;\"\n\t\t\t\t\t\t\t\tdata-frame_999=\"o:0;st:w;\"\n\t\t\t\t\t\t\t\tstyle=\"z-index:8;font-family:Damion;\"\n\t\t\t\t\t\t\t>#Sorria \n\t\t\t\t\t\t\t<\/rs-layer><!--\n\n\t\t\t\t\t\t\t--><rs-layer\n\t\t\t\t\t\t\t\tid=\"slider-6-slide-301-layer-6\" \n\t\t\t\t\t\t\t\tdata-type=\"shape\"\n\t\t\t\t\t\t\t\tdata-rsp_ch=\"on\"\n\t\t\t\t\t\t\t\tdata-xy=\"xo:410px,135px,97px,50px;yo:207px,161px,201px,63px;\"\n\t\t\t\t\t\t\t\tdata-text=\"w:normal;s:20,11,8,4;l:0,14,10,6;\"\n\t\t\t\t\t\t\t\tdata-dim=\"w:275px,337px,270px,189px;h:37px,40px,29px,26px;\"\n\t\t\t\t\t\t\t\tdata-frame_0=\"x:0,0,0px,0px;y:0,0,0px,0px;\"\n\t\t\t\t\t\t\t\tdata-frame_1=\"x:0,0,0px,0px;y:0,0,0px,0px;\"\n\t\t\t\t\t\t\t\tdata-frame_999=\"o:0;st:w;\"\n\t\t\t\t\t\t\t\tstyle=\"z-index:10;background-color:rgba(52,126,173,0.56);\"\n\t\t\t\t\t\t\t> \n\t\t\t\t\t\t\t<\/rs-layer><!--\n\n\t\t\t\t\t\t\t--><rs-layer\n\t\t\t\t\t\t\t\tid=\"slider-6-slide-301-layer-7\" \n\t\t\t\t\t\t\t\tdata-type=\"shape\"\n\t\t\t\t\t\t\t\tdata-rsp_ch=\"on\"\n\t\t\t\t\t\t\t\tdata-xy=\"xo:429px,148px,102px,60px;yo:252px,228px,250px,101px;\"\n\t\t\t\t\t\t\t\tdata-text=\"w:normal;s:20,11,8,4;l:0,14,10,6;\"\n\t\t\t\t\t\t\t\tdata-dim=\"w:233px,311px,255px,169px;h:37px,40px,29px,26px;\"\n\t\t\t\t\t\t\t\tdata-frame_0=\"x:0,0,0,0px;y:0,0,0,0px;\"\n\t\t\t\t\t\t\t\tdata-frame_1=\"x:0,0,0,0px;y:0,0,0,0px;\"\n\t\t\t\t\t\t\t\tdata-frame_999=\"o:0;st:w;\"\n\t\t\t\t\t\t\t\tstyle=\"z-index:9;background-color:rgba(52,126,173,0.56);\"\n\t\t\t\t\t\t\t> \n\t\t\t\t\t\t\t<\/rs-layer><!--\n-->\t\t\t\t\t\t<\/rs-slide>\n\t\t\t\t\t<\/rs-slides>\n\t\t\t\t\t<rs-progress class=\"rs-bottom\" style=\"visibility: hidden !important;\"><\/rs-progress>\n\t\t\t\t<\/rs-module>\n\t\t\t\t<script type=\"text\/javascript\">\n\t\t\t\t\tsetREVStartSize({c: 'rev_slider_6_1',rl:[1240,1024,778,480],el:[600,600,760,232],gw:[1820,1024,778,480],gh:[600,600,760,232],type:'standard',justify:'',layout:'fullwidth',mh:\"0\"});\n\t\t\t\t\tvar\trevapi6,\n\t\t\t\t\t\ttpj;\n\t\t\t\t\tjQuery(function() {\n\t\t\t\t\t\ttpj = jQuery;\n\t\t\t\t\t\ttpj.noConflict();\n\t\t\t\t\t\tif(tpj(\"#rev_slider_6_1\").revolution == undefined){\n\t\t\t\t\t\t\trevslider_showDoubleJqueryError(\"#rev_slider_6_1\");\n\t\t\t\t\t\t}else{\n\t\t\t\t\t\t\trevapi6 = tpj(\"#rev_slider_6_1\").show().revolution({\n\t\t\t\t\t\t\t\tjsFileLocation:\"\/\/hbortodontia.com.br\/wp-content\/plugins\/revslider\/public\/assets\/js\/\",\n\t\t\t\t\t\t\t\tvisibilityLevels:\"1240,1024,778,480\",\n\t\t\t\t\t\t\t\tgridwidth:\"1820,1024,778,480\",\n\t\t\t\t\t\t\t\tgridheight:\"600,600,760,232\",\n\t\t\t\t\t\t\t\tspinner:\"spinner2\",\n\t\t\t\t\t\t\t\teditorheight:\"600,600,760,232\",\n\t\t\t\t\t\t\t\tresponsiveLevels:\"1240,1024,778,480\",\n\t\t\t\t\t\t\t\tstopAtSlide:2,\n\t\t\t\t\t\t\t\tstopAfterLoops:0,\n\t\t\t\t\t\t\t\tnavigation: {\n\t\t\t\t\t\t\t\t\tmouseScrollNavigation:false,\n\t\t\t\t\t\t\t\t\ttouch: {\n\t\t\t\t\t\t\t\t\t\ttouchenabled:true,\n\t\t\t\t\t\t\t\t\t\tswipe_threshold:0,\n\t\t\t\t\t\t\t\t\t\tdrag_block_vertical:true\n\t\t\t\t\t\t\t\t\t}\n\t\t\t\t\t\t\t\t},\n\t\t\t\t\t\t\t\tparallax: {\n\t\t\t\t\t\t\t\t\tlevels:[1,2,3,20,25,30,35,40,45,50,47,48,49,50,51,30],\n\t\t\t\t\t\t\t\t\ttype:\"mouse\",\n\t\t\t\t\t\t\t\t\torigo:\"slideCenter\",\n\t\t\t\t\t\t\t\t\tspeed:1000\n\t\t\t\t\t\t\t\t},\n\t\t\t\t\t\t\t\tfallbacks: {\n\t\t\t\t\t\t\t\t\tignoreHeightChanges:\"\",\n\t\t\t\t\t\t\t\t\tallowHTML5AutoPlayOnAndroid:true\n\t\t\t\t\t\t\t\t},\n\t\t\t\t\t\t\t});\n\t\t\t\t\t\t}\n\t\t\t\t\t\t\n\t\t\t\t\t});\n\t\t\t\t<\/script>\n\t\t\t\t<script>\n\t\t\t\t\tvar htmlDivCss = ' #rev_slider_6_1_wrapper rs-loader.spinner2{ background-color: #ffffff !important; } '\n\t\t\t\t\tvar htmlDiv = document.getElementById('rs-plugin-settings-inline-css');\n\t\t\t\t\tif(htmlDiv) {\n\t\t\t\t\t\thtmlDiv.innerHTML = htmlDiv.innerHTML + htmlDivCss;\n\t\t\t\t\t}else{\n\t\t\t\t\t\tvar htmlDiv = document.createElement('div');\n\t\t\t\t\t\thtmlDiv.innerHTML = '<style>' + htmlDivCss + '<\/style>';\n\t\t\t\t\t\tdocument.getElementsByTagName('head')[0].appendChild(htmlDiv.childNodes[0]);\n\t\t\t\t\t}\n\t\t\t\t<\/script>\n\t\t\t<\/rs-module-wrap>\n\t\t\t<!-- END REVOLUTION SLIDER -->\n[\/vc_column_text][\/vc_column][\/vc_row][vc_row top_padding=&#8221;70&#8243; row_id=&#8221;tratamentos&#8221;][vc_column width=&#8221;1\/1&#8243;]<h1 class=\"headline font-inherit fontsize-l fontweight-inherit lh-inherit align-center transform-uppercase \" style=\"margin: 0 0 20px 0;\">Humberto Bozzola Ortodontia<\/h1>[vc_separator style=&#8221;shadow&#8221; border_width=&#8221;2&#8243; el_width=&#8221;70&#8243;][\/vc_column][\/vc_row][vc_row top_padding=&#8221;70&#8243; bottom_padding=&#8221;100&#8243;][vc_column animation=&#8221;fade-in&#8221; bg_color=&#8221;#f4f4f4&#8243; column_padding=&#8221;padding-5&#8243; column_center=&#8221;true&#8221; text_align=&#8221;center&#8221; width=&#8221;1\/2&#8243;]<h1 class=\"headline font-inherit fontsize-xl fontweight-300 lh-16 align-center transform-uppercase \" style=\"margin: 35px 0 20px 0;\"> <strong>ortodontia<\/strong> e ortopedia funcional dos maxilares<\/h1>[\/vc_column][vc_column animation=&#8221;fade-in&#8221; width=&#8221;1\/2&#8243; delay=&#8221;300&#8243;][vc_column_text]<\/p>\n<h6>Tratamentos<\/h6>\n<p style=\"text-align: left;\">A Ortodontia \u00e9 a especialidade da Odontologia relacionada ao estudo, preven\u00e7\u00e3o e tratamento dos problemas de crescimento, desenvolvimento e amadurecimento da face, dos arcos dent\u00e1rios e da oclus\u00e3o, ou seja, disfun\u00e7\u00f5es dento-faciais.<\/p>\n<p>A ortopedia funcional dos maxilares \u00e9 uma especialidade da Odontologia que soluciona desequil\u00edbrios \u00f3sseos, musculares e de funcionamento dos maxilares; alinhamento dos dentes e problemas da articula\u00e7\u00e3o temporomandibular. Corrige tais disfun\u00e7\u00f5es em pessoas de qualquer idade, usando aparelhos remov\u00edveis.[\/vc_column_text][\/vc_column][\/vc_row][vc_row bottom_padding=&#8221;100&#8243;][vc_column width=&#8221;1\/3&#8243;]<div class=\"single_image wpb_content_element align-left    \" data-animation=\"none\" data-delay=\"0\"><img width=\"400\" height=\"400\" src=\"https:\/\/hbortodontia.com.br\/wp-content\/uploads\/2020\/07\/tratamentos2.png\" class=\"attachment-full\" alt=\"\" loading=\"lazy\" srcset=\"https:\/\/hbortodontia.com.br\/wp-content\/uploads\/2020\/07\/tratamentos2.png 400w, https:\/\/hbortodontia.com.br\/wp-content\/uploads\/2020\/07\/tratamentos2-300x300.png 300w, https:\/\/hbortodontia.com.br\/wp-content\/uploads\/2020\/07\/tratamentos2-150x150.png 150w, https:\/\/hbortodontia.com.br\/wp-content\/uploads\/2020\/07\/tratamentos2-80x80.png 80w\" sizes=\"(max-width: 400px) 100vw, 400px\" \/><\/div>[\/vc_column][vc_column width=&#8221;1\/3&#8243;]<div class=\"single_image wpb_content_element align-left    \" data-animation=\"none\" data-delay=\"0\"><img width=\"400\" height=\"400\" src=\"https:\/\/hbortodontia.com.br\/wp-content\/uploads\/2020\/07\/tratamentos.png\" class=\"attachment-full\" alt=\"\" loading=\"lazy\" srcset=\"https:\/\/hbortodontia.com.br\/wp-content\/uploads\/2020\/07\/tratamentos.png 400w, https:\/\/hbortodontia.com.br\/wp-content\/uploads\/2020\/07\/tratamentos-300x300.png 300w, https:\/\/hbortodontia.com.br\/wp-content\/uploads\/2020\/07\/tratamentos-150x150.png 150w, https:\/\/hbortodontia.com.br\/wp-content\/uploads\/2020\/07\/tratamentos-80x80.png 80w\" sizes=\"(max-width: 400px) 100vw, 400px\" \/><\/div>[\/vc_column][vc_column width=&#8221;1\/3&#8243;]<div class=\"single_image wpb_content_element align-left    \" data-animation=\"none\" data-delay=\"0\"><img width=\"400\" height=\"400\" src=\"https:\/\/hbortodontia.com.br\/wp-content\/uploads\/2020\/07\/tratamentos1.png\" class=\"attachment-full\" alt=\"\" loading=\"lazy\" srcset=\"https:\/\/hbortodontia.com.br\/wp-content\/uploads\/2020\/07\/tratamentos1.png 400w, https:\/\/hbortodontia.com.br\/wp-content\/uploads\/2020\/07\/tratamentos1-300x300.png 300w, https:\/\/hbortodontia.com.br\/wp-content\/uploads\/2020\/07\/tratamentos1-150x150.png 150w, https:\/\/hbortodontia.com.br\/wp-content\/uploads\/2020\/07\/tratamentos1-80x80.png 80w\" sizes=\"(max-width: 400px) 100vw, 400px\" \/><\/div>[\/vc_column][\/vc_row][vc_row bg_color=&#8221;#f4f4f4&#8243; top_padding=&#8221;100&#8243; bottom_padding=&#8221;100&#8243; row_id=&#8221;quemsomos&#8221; bg_position=&#8221;left top&#8221;][vc_column animation=&#8221;fade-in&#8221; column_center=&#8221;true&#8221; width=&#8221;1\/2&#8243;]<div class=\"single_image wpb_content_element align-center    \" data-animation=\"none\" data-delay=\"0\"><img class=\"\" src=\"https:\/\/hbortodontia.com.br\/wp-content\/uploads\/2020\/07\/humberto_sobreaclinica-300x451.png\" width=\"300\" height=\"451\" alt=\"humberto_sobreaclinica\" title=\"humberto_sobreaclinica\" \/><\/div>[\/vc_column][vc_column animation=&#8221;fade-in-from-bottom&#8221; width=&#8221;1\/2&#8243; delay=&#8221;300&#8243;]<div class=\"headline font-inherit fontsize-s fontweight-400 lh-inherit align-left transform-inherit \" style=\"margin: 0 0 20px 0; color: #999999;\">H\u00e1 mais de 30 anos oferecemos tratamento na \u00e1rea de Ortodontia e Ortopedia Facial Funcional dos Maxilares.<\/div>[vc_column_text]Nossa cl\u00ednica \u00e9 um lugar agrad\u00e1vel e com equipamentos modernos, que visa promover a sa\u00fade a oral. Utilizamos recursos tecnol\u00f3gicos e cient\u00edficos na obten\u00e7\u00e3o dos melhores resultados est\u00e9ticos e funcionais. Tudo para proporcionar tranquilidade e conforto em um atendimento personalizado.[\/vc_column_text]<div class=\"iconbox  wpb_content_element iconbox-style-2 icon-color-accent color-dark clearfix\"><div class=\"iconbox-icon\"><i class=\"fa fa-check boxicon\" style=\"\"><\/i><\/div><div class=\"iconbox-content\"><h3>Experi\u00eancia<\/h3><p>Profissional com mais de 30 anos de experi\u00eancia.<\/p><\/div><\/div><div class=\"iconbox  wpb_content_element iconbox-style-2 icon-color-accent color-dark clearfix\"><div class=\"iconbox-icon\"><i class=\"fa fa-check boxicon\" style=\"\"><\/i><\/div><div class=\"iconbox-content\"><h3>Qualidade<\/h3><p>Profissionalismo e equipamentos especializados.<\/p><\/div><\/div>[\/vc_column][\/vc_row][vc_row type=&#8221;full_width_section&#8221;][vc_column width=&#8221;1\/1&#8243;]<div class=\"callout clearfix\" style=\"background-color:#297aad; color:#ffffff;\">\n\t\t<div class=\"callout-text\">D\u00favidas? Entre em contato pelo WhatsApp!<\/div>\n\t\t\t<div class=\"callout-button\"><a class=\"button medium color-8\" href=\"https:\/\/api.whatsapp.com\/send?phone=5547999714421\" target=\"_self\">WhatsApp<\/a><\/div>\n\t\t<\/div>[\/vc_column][\/vc_row][vc_row top_padding=&#8221;100&#8243; bottom_padding=&#8221;100&#8243; row_id=&#8221;clinica&#8221;][vc_column width=&#8221;1\/1&#8243;]<h1 class=\"headline font-inherit fontsize-l fontweight-inherit lh-inherit align-center transform-uppercase \" style=\"margin: 0 0 0 0;\">A CL\u00cdNICA<\/h1><h3 class=\"headline font-inherit fontsize-m fontweight-inherit lh-inherit align-center transform-inherit \" style=\"margin: 0 0 20px 0; color: #999999;\">Ambiente acolhedor, atendimento humanizado e de qualidade<\/h3>[vc_separator border_width=&#8221;2&#8243; el_width=&#8221;70&#8243;]<div class=\"flexslider wpb_content_element\"><ul class=\"slides\"><li><img src=\"https:\/\/hbortodontia.com.br\/wp-content\/uploads\/2020\/07\/FACHADA-1.png\" alt=\"\" \/><\/li><li><img src=\"https:\/\/hbortodontia.com.br\/wp-content\/uploads\/2020\/07\/FACHADA1.png\" alt=\"\" \/><\/li><li><img src=\"https:\/\/hbortodontia.com.br\/wp-content\/uploads\/2020\/07\/FACHADA2.png\" alt=\"\" \/><\/li><li><img src=\"https:\/\/hbortodontia.com.br\/wp-content\/uploads\/2020\/07\/FACHADA3.png\" alt=\"\" \/><\/li><\/ul><\/div>[\/vc_column][\/vc_row][vc_row type=&#8221;full_width_section&#8221; row_id=&#8221;contato&#8221;][vc_column width=&#8221;1\/1&#8243;][vc_raw_html]JTNDaWZyYW1lJTIwc3JjJTNEJTIyaHR0cHMlM0ElMkYlMkZ3d3cuZ29vZ2xlLmNvbSUyRm1hcHMlMkZlbWJlZCUzRnBiJTNEJTIxMW0xOCUyMTFtMTIlMjExbTMlMjExZDM1NzYuNDQyODYxNDc1MTczNyUyMTJkLTQ4Ljg1MzEzMDM4NDk2NzcxJTIxM2QtMjYuMzEyMTU1NTgzMzg5ODQ2JTIxMm0zJTIxMWYwJTIxMmYwJTIxM2YwJTIxM20yJTIxMWkxMDI0JTIxMmk3NjglMjE0ZjEzLjElMjEzbTMlMjExbTIlMjExczB4OTRkZWIwNWFiNWU1YjE2ZiUyNTNBMHhlYzlhYjY5MzAzMGFjZDBmJTIxMnNSLiUyNTIwUGVybmFtYnVjbyUyNTJDJTI1MjAxNjIlMjUyMC0lMjUyMEFuaXRhJTI1MjBHYXJpYmFsZGklMjUyQyUyNTIwSm9pbnZpbGxlJTI1MjAtJTI1MjBTQyUyNTJDJTI1MjA4OTIwMi0xNDIlMjE1ZTAlMjEzbTIlMjExc3B0LUJSJTIxMnNiciUyMTR2MTU5NjU2NzgxMTI5MiUyMTVtMiUyMTFzcHQtQlIlMjEyc2JyJTIyJTIwd2lkdGglM0QlMjIxOTIwJTIyJTIwaGVpZ2h0JTNEJTIyNTAwJTIyJTIwZnJhbWVib3JkZXIlM0QlMjIwJTIyJTIwc3R5bGUlM0QlMjJib3JkZXIlM0EwJTNCJTIyJTIwYWxsb3dmdWxsc2NyZWVuJTNEJTIyJTIyJTIwYXJpYS1oaWRkZW4lM0QlMjJmYWxzZSUyMiUyMHRhYmluZGV4JTNEJTIyMCUyMiUzRSUzQyUyRmlmcmFtZSUzRQ==[\/vc_raw_html][\/vc_column][\/vc_row]<\/p>\n","protected":false},"excerpt":{"rendered":"<p>[vc_row type=&#8221;full_width_section&#8221; row_id=&#8221;inicio&#8221; bg_position=&#8221;left top&#8221;][vc_column][vc_column_text][\/vc_column_text][\/vc_column][\/vc_row][vc_row top_padding=&#8221;70&#8243; row_id=&#8221;tratamentos&#8221;][vc_column width=&#8221;1\/1&#8243;][vc_separator style=&#8221;shadow&#8221; border_width=&#8221;2&#8243; el_width=&#8221;70&#8243;][\/vc_column][\/vc_row][vc_row top_padding=&#8221;70&#8243; bottom_padding=&#8221;100&#8243;][vc_column animation=&#8221;fade-in&#8221; bg_color=&#8221;#f4f4f4&#8243; column_padding=&#8221;padding-5&#8243; column_center=&#8221;true&#8221; text_align=&#8221;center&#8221; width=&#8221;1\/2&#8243;][\/vc_column][vc_column animation=&#8221;fade-in&#8221; width=&#8221;1\/2&#8243; delay=&#8221;300&#8243;][vc_column_text] Tratamentos A Ortodontia \u00e9 a especialidade da Odontologia relacionada ao estudo, preven\u00e7\u00e3o e tratamento dos problemas de crescimento, desenvolvimento e amadurecimento da face, dos arcos dent\u00e1rios e da oclus\u00e3o, ou seja, disfun\u00e7\u00f5es dento-faciais. A ortopedia funcional dos maxilares \u00e9 uma especialidade da Odontologia que soluciona desequil\u00edbrios \u00f3sseos, musculares e de funcionamento dos maxilares; alinhamento dos dentes e problemas da articula\u00e7\u00e3o temporomandibular. Corrige tais disfun\u00e7\u00f5es em pessoas de qualquer idade, usando aparelhos remov\u00edveis.[\/vc_column_text][\/vc_column][\/vc_row][vc_row bottom_padding=&#8221;100&#8243;][vc_column width=&#8221;1\/3&#8243;][\/vc_column][vc_column width=&#8221;1\/3&#8243;][\/vc_column][vc_column width=&#8221;1\/3&#8243;][\/vc_column][\/vc_row][vc_row bg_color=&#8221;#f4f4f4&#8243; top_padding=&#8221;100&#8243; bottom_padding=&#8221;100&#8243; row_id=&#8221;quemsomos&#8221; bg_position=&#8221;left top&#8221;][vc_column animation=&#8221;fade-in&#8221; column_center=&#8221;true&#8221; width=&#8221;1\/2&#8243;][\/vc_column][vc_column animation=&#8221;fade-in-from-bottom&#8221; width=&#8221;1\/2&#8243; delay=&#8221;300&#8243;][vc_column_text]Nossa cl\u00ednica \u00e9 um lugar agrad\u00e1vel e com equipamentos modernos, que visa promover a sa\u00fade a oral. Utilizamos recursos tecnol\u00f3gicos e cient\u00edficos na obten\u00e7\u00e3o dos melhores resultados est\u00e9ticos e funcionais. Tudo para proporcionar tranquilidade e conforto em um atendimento personalizado.[\/vc_column_text][\/vc_column][\/vc_row][vc_row type=&#8221;full_width_section&#8221;][vc_column width=&#8221;1\/1&#8243;][\/vc_column][\/vc_row][vc_row top_padding=&#8221;100&#8243; bottom_padding=&#8221;100&#8243; row_id=&#8221;clinica&#8221;][vc_column width=&#8221;1\/1&#8243;][vc_separator border_width=&#8221;2&#8243; el_width=&#8221;70&#8243;][\/vc_column][\/vc_row][vc_row type=&#8221;full_width_section&#8221; row_id=&#8221;contato&#8221;][vc_column width=&#8221;1\/1&#8243;][vc_raw_html]JTNDaWZyYW1lJTIwc3JjJTNEJTIyaHR0cHMlM0ElMkYlMkZ3d3cuZ29vZ2xlLmNvbSUyRm1hcHMlMkZlbWJlZCUzRnBiJTNEJTIxMW0xOCUyMTFtMTIlMjExbTMlMjExZDM1NzYuNDQyODYxNDc1MTczNyUyMTJkLTQ4Ljg1MzEzMDM4NDk2NzcxJTIxM2QtMjYuMzEyMTU1NTgzMzg5ODQ2JTIxMm0zJTIxMWYwJTIxMmYwJTIxM2YwJTIxM20yJTIxMWkxMDI0JTIxMmk3NjglMjE0ZjEzLjElMjEzbTMlMjExbTIlMjExczB4OTRkZWIwNWFiNWU1YjE2ZiUyNTNBMHhlYzlhYjY5MzAzMGFjZDBmJTIxMnNSLiUyNTIwUGVybmFtYnVjbyUyNTJDJTI1MjAxNjIlMjUyMC0lMjUyMEFuaXRhJTI1MjBHYXJpYmFsZGklMjUyQyUyNTIwSm9pbnZpbGxlJTI1MjAtJTI1MjBTQyUyNTJDJTI1MjA4OTIwMi0xNDIlMjE1ZTAlMjEzbTIlMjExc3B0LUJSJTIxMnNiciUyMTR2MTU5NjU2NzgxMTI5MiUyMTVtMiUyMTFzcHQtQlIlMjEyc2JyJTIyJTIwd2lkdGglM0QlMjIxOTIwJTIyJTIwaGVpZ2h0JTNEJTIyNTAwJTIyJTIwZnJhbWVib3JkZXIlM0QlMjIwJTIyJTIwc3R5bGUlM0QlMjJib3JkZXIlM0EwJTNCJTIyJTIwYWxsb3dmdWxsc2NyZWVuJTNEJTIyJTIyJTIwYXJpYS1oaWRkZW4lM0QlMjJmYWxzZSUyMiUyMHRhYmluZGV4JTNEJTIyMCUyMiUzRSUzQyUyRmlmcmFtZSUzRQ==[\/vc_raw_html][\/vc_column][\/vc_row]<\/p>\n","protected":false},"author":1,"featured_media":0,"parent":0,"menu_order":0,"comment_status":"open","ping_status":"open","template":"","meta":[],"_links":{"self":[{"href":"https:\/\/hbortodontia.com.br\/index.php?rest_route=\/wp\/v2\/pages\/15231"}],"collection":[{"href":"https:\/\/hbortodontia.com.br\/index.php?rest_route=\/wp\/v2\/pages"}],"about":[{"href":"https:\/\/hbortodontia.com.br\/index.php?rest_route=\/wp\/v2\/types\/page"}],"author":[{"embeddable":true,"href":"https:\/\/hbortodontia.com.br\/index.php?rest_route=\/wp\/v2\/users\/1"}],"replies":[{"embeddable":true,"href":"https:\/\/hbortodontia.com.br\/index.php?rest_route=%2Fwp%2Fv2%2Fcomments&post=15231"}],"version-history":[{"count":176,"href":"https:\/\/hbortodontia.com.br\/index.php?rest_route=\/wp\/v2\/pages\/15231\/revisions"}],"predecessor-version":[{"id":15779,"href":"https:\/\/hbortodontia.com.br\/index.php?rest_route=\/wp\/v2\/pages\/15231\/revisions\/15779"}],"wp:attachment":[{"href":"https:\/\/hbortodontia.com.br\/index.php?rest_route=%2Fwp%2Fv2%2Fmedia&parent=15231"}],"curies":[{"name":"wp","href":"https:\/\/api.w.org\/{rel}","templated":true}]}}